{"id":623,"date":"2024-05-29T13:59:04","date_gmt":"2024-05-29T10:59:04","guid":{"rendered":"https:\/\/ownreg.sivustamo.dev\/fragor-och-svar\/"},"modified":"2024-06-14T16:40:49","modified_gmt":"2024-06-14T13:40:49","slug":"fragor-och-svar","status":"publish","type":"page","link":"https:\/\/ownreg.fi\/sv\/fragor-och-svar\/","title":{"rendered":"Fr\u00e5gor och svar"},"content":{"rendered":"\t\t<div data-elementor-type=\"wp-page\" data-elementor-id=\"623\" class=\"elementor elementor-623 elementor-396\" data-elementor-post-type=\"page\">\n\t\t\t\t<div class=\"elementor-element elementor-element-280ea13 e-con-full e-flex e-con e-parent\" data-id=\"280ea13\" data-element_type=\"container\" data-e-type=\"container\" data-settings=\"{&quot;jet_parallax_layout_list&quot;:[]}\">\n\t\t\t\t<div class=\"elementor-element elementor-element-f8abeb0 elementor-widget elementor-widget-shortcode\" data-id=\"f8abeb0\" data-element_type=\"widget\" data-e-type=\"widget\" data-widget_type=\"shortcode.default\">\n\t\t\t\t<div class=\"elementor-widget-container\">\n\t\t\t\t\t\t\t<div class=\"elementor-shortcode\">\t\t<div data-elementor-type=\"section\" data-elementor-id=\"453\" class=\"elementor elementor-453\" data-elementor-post-type=\"elementor_library\">\n\t\t\t<div class=\"elementor-element elementor-element-d07b538 e-con-full e-flex e-con e-parent\" data-id=\"d07b538\" data-element_type=\"container\" data-e-type=\"container\" data-settings=\"{&quot;background_background&quot;:&quot;classic&quot;,&quot;jet_parallax_layout_list&quot;:[]}\">\n\t\t<div class=\"elementor-element elementor-element-875611d e-con-full e-flex e-con e-child\" data-id=\"875611d\" data-element_type=\"container\" data-e-type=\"container\" data-settings=\"{&quot;jet_parallax_layout_list&quot;:[]}\">\n\t\t\t\t<\/div>\n\t\t<div class=\"elementor-element elementor-element-fd805b5 e-con-full e-flex e-con e-child\" data-id=\"fd805b5\" data-element_type=\"container\" data-e-type=\"container\" data-settings=\"{&quot;background_background&quot;:&quot;classic&quot;,&quot;jet_parallax_layout_list&quot;:[]}\">\n\t\t\t\t<\/div>\n\t\t\t\t<\/div>\n\t\t\t\t<\/div>\n\t\t<\/div>\n\t\t\t\t\t\t<\/div>\n\t\t\t\t<\/div>\n\t\t\t\t<\/div>\n\t\t<div class=\"elementor-element elementor-element-7fb7322 osiomargin e-flex e-con-boxed e-con e-parent\" data-id=\"7fb7322\" data-element_type=\"container\" data-e-type=\"container\" data-settings=\"{&quot;jet_parallax_layout_list&quot;:[]}\">\n\t\t\t\t\t<div class=\"e-con-inner\">\n\t\t\t\t<div class=\"elementor-element elementor-element-4b060a5 elementor-widget elementor-widget-n-accordion\" data-id=\"4b060a5\" data-element_type=\"widget\" data-e-type=\"widget\" data-settings=\"{&quot;max_items_expended&quot;:&quot;multiple&quot;,&quot;n_accordion_animation_duration&quot;:{&quot;unit&quot;:&quot;ms&quot;,&quot;size&quot;:200,&quot;sizes&quot;:[]},&quot;default_state&quot;:&quot;expanded&quot;}\" data-widget_type=\"nested-accordion.default\">\n\t\t\t\t<div class=\"elementor-widget-container\">\n\t\t\t\t\t\t\t<div class=\"e-n-accordion\" aria-label=\"Accordion. Open links with Enter or Space, close with Escape, and navigate with Arrow Keys\">\n\t\t\t\t\t\t<details id=\"e-n-accordion-item-7860\" class=\"e-n-accordion-item\" open>\n\t\t\t\t<summary class=\"e-n-accordion-item-title\" data-accordion-index=\"1\" tabindex=\"0\" aria-expanded=\"true\" aria-controls=\"e-n-accordion-item-7860\" >\n\t\t\t\t\t<span class='e-n-accordion-item-title-header'><div class=\"e-n-accordion-item-title-text\"> Vad \u00e4r syftet med registreringen? <\/div><\/span>\n\t\t\t\t\t\t\t<span class='e-n-accordion-item-title-icon'>\n\t\t\t<span class='e-opened' ><i aria-hidden=\"true\" class=\"far fa-arrow-alt-circle-up\"><\/i><\/span>\n\t\t\t<span class='e-closed'><i aria-hidden=\"true\" class=\"far fa-arrow-alt-circle-down\"><\/i><\/span>\n\t\t<\/span>\n\n\t\t\t\t\t\t<\/summary>\n\t\t\t\t<div role=\"region\" aria-labelledby=\"e-n-accordion-item-7860\" class=\"elementor-element elementor-element-b63f06d e-con-full e-flex e-con e-child\" data-id=\"b63f06d\" data-element_type=\"container\" data-e-type=\"container\" data-settings=\"{&quot;jet_parallax_layout_list&quot;:[]}\">\n\t\t\t\t<div class=\"elementor-element elementor-element-582ecf2 elementor-widget elementor-widget-text-editor\" data-id=\"582ecf2\" data-element_type=\"widget\" data-e-type=\"widget\" data-widget_type=\"text-editor.default\">\n\t\t\t\t<div class=\"elementor-widget-container\">\n\t\t\t\t\t\t\t\t\t<p>\u00c4garregistret uppr\u00e4tth\u00e5ller information om \u00e4garen till serienumrerad utrustning. Registreringen f\u00f6rhindrar finansiella bedr\u00e4gerier och f\u00f6rs\u00e4kringsbedr\u00e4gerier samt olaglig handel med utrustning. \u00c4garregistret \u00f6kar f\u00f6rtroendet mellan de inblandade parterna. <\/p>\n\t\t\t\t\t\t\t\t<\/div>\n\t\t\t\t<\/div>\n\t\t\t\t<\/div>\n\t\t\t\t\t<\/details>\n\t\t\t\t\t\t<details id=\"e-n-accordion-item-7861\" class=\"e-n-accordion-item\" >\n\t\t\t\t<summary class=\"e-n-accordion-item-title\" data-accordion-index=\"2\" tabindex=\"-1\" aria-expanded=\"false\" aria-controls=\"e-n-accordion-item-7861\" >\n\t\t\t\t\t<span class='e-n-accordion-item-title-header'><div class=\"e-n-accordion-item-title-text\"> Vad \u00e4r merv\u00e4rdet med registreringen? <\/div><\/span>\n\t\t\t\t\t\t\t<span class='e-n-accordion-item-title-icon'>\n\t\t\t<span class='e-opened' ><i aria-hidden=\"true\" class=\"far fa-arrow-alt-circle-up\"><\/i><\/span>\n\t\t\t<span class='e-closed'><i aria-hidden=\"true\" class=\"far fa-arrow-alt-circle-down\"><\/i><\/span>\n\t\t<\/span>\n\n\t\t\t\t\t\t<\/summary>\n\t\t\t\t<div role=\"region\" aria-labelledby=\"e-n-accordion-item-7861\" class=\"elementor-element elementor-element-ede4842 e-con-full e-flex e-con e-child\" data-id=\"ede4842\" data-element_type=\"container\" data-e-type=\"container\" data-settings=\"{&quot;jet_parallax_layout_list&quot;:[]}\">\n\t\t\t\t<div class=\"elementor-element elementor-element-c70ec69 elementor-widget elementor-widget-text-editor\" data-id=\"c70ec69\" data-element_type=\"widget\" data-e-type=\"widget\" data-widget_type=\"text-editor.default\">\n\t\t\t\t<div class=\"elementor-widget-container\">\n\t\t\t\t\t\t\t\t\t<ol>\n<li>N\u00e4r \u00e4garna registrerar sin utrustning informerar de marknaden och myndigheterna om vem som \u00e4ger utrustningen.<\/li>\n<li>Vid k\u00f6p av en enhet kan k\u00f6paren verifiera \u00e4garen.<\/li>\n<li>Registreringen av utrustningen \u00e4r en del av f\u00f6retagets ansvarsskyldighet, vilket minskar risken f\u00f6r missbruk.<\/li>\n<\/ol>\n\t\t\t\t\t\t\t\t<\/div>\n\t\t\t\t<\/div>\n\t\t\t\t<\/div>\n\t\t\t\t\t<\/details>\n\t\t\t\t\t\t<details id=\"e-n-accordion-item-7862\" class=\"e-n-accordion-item\" >\n\t\t\t\t<summary class=\"e-n-accordion-item-title\" data-accordion-index=\"3\" tabindex=\"-1\" aria-expanded=\"false\" aria-controls=\"e-n-accordion-item-7862\" >\n\t\t\t\t\t<span class='e-n-accordion-item-title-header'><div class=\"e-n-accordion-item-title-text\"> Hur anv\u00e4nder man tj\u00e4nsten? <\/div><\/span>\n\t\t\t\t\t\t\t<span class='e-n-accordion-item-title-icon'>\n\t\t\t<span class='e-opened' ><i aria-hidden=\"true\" class=\"far fa-arrow-alt-circle-up\"><\/i><\/span>\n\t\t\t<span class='e-closed'><i aria-hidden=\"true\" class=\"far fa-arrow-alt-circle-down\"><\/i><\/span>\n\t\t<\/span>\n\n\t\t\t\t\t\t<\/summary>\n\t\t\t\t<div role=\"region\" aria-labelledby=\"e-n-accordion-item-7862\" class=\"elementor-element elementor-element-5e23bf0 e-con-full e-flex e-con e-child\" data-id=\"5e23bf0\" data-element_type=\"container\" data-e-type=\"container\" data-settings=\"{&quot;jet_parallax_layout_list&quot;:[]}\">\n\t\t\t\t<div class=\"elementor-element elementor-element-46b81db elementor-widget elementor-widget-text-editor\" data-id=\"46b81db\" data-element_type=\"widget\" data-e-type=\"widget\" data-widget_type=\"text-editor.default\">\n\t\t\t\t<div class=\"elementor-widget-container\">\n\t\t\t\t\t\t\t\t\t<p>Anv\u00e4ndaren m\u00e5ste f\u00f6rst registrera sig som anv\u00e4ndare. Registreringen g\u00f6rs genom att klicka p\u00e5 knappen Registrera. Du kan sedan logga in p\u00e5 tj\u00e4nsten genom att klicka p\u00e5 inloggningsknappen.<\/p>\n<p><strong>D\u00e4refter kan du:<\/strong><\/p>\n<ul>\n<li>importera dina egna enheter till tj\u00e4nsten<\/li>\n<li>visa och \u00e4ndra data f\u00f6r dina egna enheter<\/li>\n<li>s\u00f6ka efter \u00e4garen till den enhet som du har hittat med hj\u00e4lp av serienumret.<\/li>\n<\/ul>\n\t\t\t\t\t\t\t\t<\/div>\n\t\t\t\t<\/div>\n\t\t\t\t<\/div>\n\t\t\t\t\t<\/details>\n\t\t\t\t\t\t<details id=\"e-n-accordion-item-7863\" class=\"e-n-accordion-item\" >\n\t\t\t\t<summary class=\"e-n-accordion-item-title\" data-accordion-index=\"4\" tabindex=\"-1\" aria-expanded=\"false\" aria-controls=\"e-n-accordion-item-7863\" >\n\t\t\t\t\t<span class='e-n-accordion-item-title-header'><div class=\"e-n-accordion-item-title-text\"> Vilken information f\u00f6rs in i systemet? <\/div><\/span>\n\t\t\t\t\t\t\t<span class='e-n-accordion-item-title-icon'>\n\t\t\t<span class='e-opened' ><i aria-hidden=\"true\" class=\"far fa-arrow-alt-circle-up\"><\/i><\/span>\n\t\t\t<span class='e-closed'><i aria-hidden=\"true\" class=\"far fa-arrow-alt-circle-down\"><\/i><\/span>\n\t\t<\/span>\n\n\t\t\t\t\t\t<\/summary>\n\t\t\t\t<div role=\"region\" aria-labelledby=\"e-n-accordion-item-7863\" class=\"elementor-element elementor-element-e9f6b4f e-con-full e-flex e-con e-child\" data-id=\"e9f6b4f\" data-element_type=\"container\" data-e-type=\"container\" data-settings=\"{&quot;jet_parallax_layout_list&quot;:[]}\">\n\t\t\t\t<div class=\"elementor-element elementor-element-d4a065b elementor-widget elementor-widget-text-editor\" data-id=\"d4a065b\" data-element_type=\"widget\" data-e-type=\"widget\" data-widget_type=\"text-editor.default\">\n\t\t\t\t<div class=\"elementor-widget-container\">\n\t\t\t\t\t\t\t\t\t<p>Endast n\u00f6dv\u00e4ndig \u00e4garinformation matas in i tj\u00e4nsten. \u00c4gare, serienummer, m\u00e4rke och modell.<\/p>\n\t\t\t\t\t\t\t\t<\/div>\n\t\t\t\t<\/div>\n\t\t\t\t<\/div>\n\t\t\t\t\t<\/details>\n\t\t\t\t\t\t<details id=\"e-n-accordion-item-7864\" class=\"e-n-accordion-item\" >\n\t\t\t\t<summary class=\"e-n-accordion-item-title\" data-accordion-index=\"5\" tabindex=\"-1\" aria-expanded=\"false\" aria-controls=\"e-n-accordion-item-7864\" >\n\t\t\t\t\t<span class='e-n-accordion-item-title-header'><div class=\"e-n-accordion-item-title-text\"> Kommer Ownreg att ers\u00e4tta utrustningsregistret? <\/div><\/span>\n\t\t\t\t\t\t\t<span class='e-n-accordion-item-title-icon'>\n\t\t\t<span class='e-opened' ><i aria-hidden=\"true\" class=\"far fa-arrow-alt-circle-up\"><\/i><\/span>\n\t\t\t<span class='e-closed'><i aria-hidden=\"true\" class=\"far fa-arrow-alt-circle-down\"><\/i><\/span>\n\t\t<\/span>\n\n\t\t\t\t\t\t<\/summary>\n\t\t\t\t<div role=\"region\" aria-labelledby=\"e-n-accordion-item-7864\" class=\"elementor-element elementor-element-65b704b e-con-full e-flex e-con e-child\" data-id=\"65b704b\" data-element_type=\"container\" data-e-type=\"container\" data-settings=\"{&quot;jet_parallax_layout_list&quot;:[]}\">\n\t\t\t\t<div class=\"elementor-element elementor-element-0e9563b elementor-widget elementor-widget-text-editor\" data-id=\"0e9563b\" data-element_type=\"widget\" data-e-type=\"widget\" data-widget_type=\"text-editor.default\">\n\t\t\t\t<div class=\"elementor-widget-container\">\n\t\t\t\t\t\t\t\t\t<p>Ownreg ers\u00e4tter inte det utrustningsregister som f\u00f6rs av s\u00e4ljaren eller \u00e4garen.<\/p>\n\t\t\t\t\t\t\t\t<\/div>\n\t\t\t\t<\/div>\n\t\t\t\t<\/div>\n\t\t\t\t\t<\/details>\n\t\t\t\t\t<\/div>\n\t\t\t\t\t<script type=\"application\/ld+json\">{\"@context\":\"https:\\\/\\\/schema.org\",\"@type\":\"FAQPage\",\"mainEntity\":[{\"@type\":\"Question\",\"name\":\"Vad \\u00e4r syftet med registreringen?\",\"acceptedAnswer\":{\"@type\":\"Answer\",\"text\":\"\\u00c4garregistret uppr\\u00e4tth\\u00e5ller information om \\u00e4garen till serienumrerad utrustning. Registreringen f\\u00f6rhindrar finansiella bedr\\u00e4gerier och f\\u00f6rs\\u00e4kringsbedr\\u00e4gerier samt olaglig handel med utrustning. \\u00c4garregistret \\u00f6kar f\\u00f6rtroendet mellan de inblandade parterna.\"}},{\"@type\":\"Question\",\"name\":\"Vad \\u00e4r merv\\u00e4rdet med registreringen?\",\"acceptedAnswer\":{\"@type\":\"Answer\",\"text\":\"N\\u00e4r \\u00e4garna registrerar sin utrustning informerar de marknaden och myndigheterna om vem som \\u00e4ger utrustningen.\\nVid k\\u00f6p av en enhet kan k\\u00f6paren verifiera \\u00e4garen.\\nRegistreringen av utrustningen \\u00e4r en del av f\\u00f6retagets ansvarsskyldighet, vilket minskar risken f\\u00f6r missbruk.\"}},{\"@type\":\"Question\",\"name\":\"Hur anv\\u00e4nder man tj\\u00e4nsten?\",\"acceptedAnswer\":{\"@type\":\"Answer\",\"text\":\"Anv\\u00e4ndaren m\\u00e5ste f\\u00f6rst registrera sig som anv\\u00e4ndare. Registreringen g\\u00f6rs genom att klicka p\\u00e5 knappen Registrera. Du kan sedan logga in p\\u00e5 tj\\u00e4nsten genom att klicka p\\u00e5 inloggningsknappen.\\nD\\u00e4refter kan du:\\n\\nimportera dina egna enheter till tj\\u00e4nsten\\nvisa och \\u00e4ndra data f\\u00f6r dina egna enheter\\ns\\u00f6ka efter \\u00e4garen till den enhet som du har hittat med hj\\u00e4lp av serienumret.\"}},{\"@type\":\"Question\",\"name\":\"Vilken information f\\u00f6rs in i systemet?\",\"acceptedAnswer\":{\"@type\":\"Answer\",\"text\":\"Endast n\\u00f6dv\\u00e4ndig \\u00e4garinformation matas in i tj\\u00e4nsten. \\u00c4gare, serienummer, m\\u00e4rke och modell.\"}},{\"@type\":\"Question\",\"name\":\"Kommer Ownreg att ers\\u00e4tta utrustningsregistret?\",\"acceptedAnswer\":{\"@type\":\"Answer\",\"text\":\"Ownreg ers\\u00e4tter inte det utrustningsregister som f\\u00f6rs av s\\u00e4ljaren eller \\u00e4garen.\"}}]}<\/script>\n\t\t\t\t\t\t\t<\/div>\n\t\t\t\t<\/div>\n\t\t\t\t\t<\/div>\n\t\t\t\t<\/div>\n\t\t\t\t<\/div>\n\t\t","protected":false},"excerpt":{"rendered":"<p>Vad \u00e4r syftet med registreringen? \u00c4garregistret uppr\u00e4tth\u00e5ller information om \u00e4garen till serienumrerad utrustning. Registreringen f\u00f6rhindrar finansiella bedr\u00e4gerier och f\u00f6rs\u00e4kringsbedr\u00e4gerier samt olaglig handel med utrustning. \u00c4garregistret \u00f6kar f\u00f6rtroendet mellan de inblandade parterna. Vad \u00e4r merv\u00e4rdet med registreringen? N\u00e4r \u00e4garna registrerar sin utrustning informerar de marknaden och myndigheterna om vem som \u00e4ger utrustningen. Vid k\u00f6p av en [&hellip;]<\/p>\n","protected":false},"author":1,"featured_media":624,"parent":0,"menu_order":0,"comment_status":"closed","ping_status":"closed","template":"elementor_header_footer","meta":{"footnotes":""},"class_list":["post-623","page","type-page","status-publish","has-post-thumbnail","hentry"],"yoast_head":"<!-- This site is optimized with the Yoast SEO plugin v27.3 - https:\/\/yoast.com\/product\/yoast-seo-wordpress\/ -->\n<title>Fr\u00e5gor och svar - Ownreg Oy<\/title>\n<meta name=\"robots\" content=\"index, follow, max-snippet:-1, max-image-preview:large, max-video-preview:-1\" \/>\n<link rel=\"canonical\" href=\"https:\/\/ownreg.fi\/sv\/fragor-och-svar\/\" \/>\n<meta property=\"og:locale\" content=\"sv_SE\" \/>\n<meta property=\"og:type\" content=\"article\" \/>\n<meta property=\"og:title\" content=\"Fr\u00e5gor och svar - Ownreg Oy\" \/>\n<meta property=\"og:description\" content=\"Vad \u00e4r syftet med registreringen? \u00c4garregistret uppr\u00e4tth\u00e5ller information om \u00e4garen till serienumrerad utrustning. Registreringen f\u00f6rhindrar finansiella bedr\u00e4gerier och f\u00f6rs\u00e4kringsbedr\u00e4gerier samt olaglig handel med utrustning. \u00c4garregistret \u00f6kar f\u00f6rtroendet mellan de inblandade parterna. Vad \u00e4r merv\u00e4rdet med registreringen? N\u00e4r \u00e4garna registrerar sin utrustning informerar de marknaden och myndigheterna om vem som \u00e4ger utrustningen. Vid k\u00f6p av en [&hellip;]\" \/>\n<meta property=\"og:url\" content=\"https:\/\/ownreg.fi\/sv\/fragor-och-svar\/\" \/>\n<meta property=\"og:site_name\" content=\"Ownreg Oy\" \/>\n<meta property=\"article:modified_time\" content=\"2024-06-14T13:40:49+00:00\" \/>\n<meta property=\"og:image\" content=\"https:\/\/ownreg.fi\/wp-content\/uploads\/2024\/05\/ukk.jpg\" \/>\n\t<meta property=\"og:image:width\" content=\"1920\" \/>\n\t<meta property=\"og:image:height\" content=\"1080\" \/>\n\t<meta property=\"og:image:type\" content=\"image\/jpeg\" \/>\n<meta name=\"twitter:card\" content=\"summary_large_image\" \/>\n<meta name=\"twitter:label1\" content=\"Ber\u00e4knad l\u00e4stid\" \/>\n\t<meta name=\"twitter:data1\" content=\"2 minuter\" \/>\n<script type=\"application\/ld+json\" class=\"yoast-schema-graph\">{\"@context\":\"https:\\\/\\\/schema.org\",\"@graph\":[{\"@type\":\"WebPage\",\"@id\":\"https:\\\/\\\/ownreg.fi\\\/sv\\\/fragor-och-svar\\\/\",\"url\":\"https:\\\/\\\/ownreg.fi\\\/sv\\\/fragor-och-svar\\\/\",\"name\":\"Fr\u00e5gor och svar - Ownreg Oy\",\"isPartOf\":{\"@id\":\"https:\\\/\\\/ownreg.fi\\\/sv\\\/#website\"},\"primaryImageOfPage\":{\"@id\":\"https:\\\/\\\/ownreg.fi\\\/sv\\\/fragor-och-svar\\\/#primaryimage\"},\"image\":{\"@id\":\"https:\\\/\\\/ownreg.fi\\\/sv\\\/fragor-och-svar\\\/#primaryimage\"},\"thumbnailUrl\":\"https:\\\/\\\/ownreg.fi\\\/wp-content\\\/uploads\\\/2024\\\/05\\\/ukk.jpg\",\"datePublished\":\"2024-05-29T10:59:04+00:00\",\"dateModified\":\"2024-06-14T13:40:49+00:00\",\"breadcrumb\":{\"@id\":\"https:\\\/\\\/ownreg.fi\\\/sv\\\/fragor-och-svar\\\/#breadcrumb\"},\"inLanguage\":\"sv-SE\",\"potentialAction\":[{\"@type\":\"ReadAction\",\"target\":[\"https:\\\/\\\/ownreg.fi\\\/sv\\\/fragor-och-svar\\\/\"]}]},{\"@type\":\"ImageObject\",\"inLanguage\":\"sv-SE\",\"@id\":\"https:\\\/\\\/ownreg.fi\\\/sv\\\/fragor-och-svar\\\/#primaryimage\",\"url\":\"https:\\\/\\\/ownreg.fi\\\/wp-content\\\/uploads\\\/2024\\\/05\\\/ukk.jpg\",\"contentUrl\":\"https:\\\/\\\/ownreg.fi\\\/wp-content\\\/uploads\\\/2024\\\/05\\\/ukk.jpg\",\"width\":1920,\"height\":1080},{\"@type\":\"BreadcrumbList\",\"@id\":\"https:\\\/\\\/ownreg.fi\\\/sv\\\/fragor-och-svar\\\/#breadcrumb\",\"itemListElement\":[{\"@type\":\"ListItem\",\"position\":1,\"name\":\"Etusivu\",\"item\":\"https:\\\/\\\/ownreg.fi\\\/sv\\\/\"},{\"@type\":\"ListItem\",\"position\":2,\"name\":\"Fr\u00e5gor och svar\"}]},{\"@type\":\"WebSite\",\"@id\":\"https:\\\/\\\/ownreg.fi\\\/sv\\\/#website\",\"url\":\"https:\\\/\\\/ownreg.fi\\\/sv\\\/\",\"name\":\"Ownreg Oy\",\"description\":\"Ownreg tiet\u00e4\u00e4, kuka todellinen omistaja on.\",\"publisher\":{\"@id\":\"https:\\\/\\\/ownreg.fi\\\/sv\\\/#organization\"},\"potentialAction\":[{\"@type\":\"SearchAction\",\"target\":{\"@type\":\"EntryPoint\",\"urlTemplate\":\"https:\\\/\\\/ownreg.fi\\\/sv\\\/?s={search_term_string}\"},\"query-input\":{\"@type\":\"PropertyValueSpecification\",\"valueRequired\":true,\"valueName\":\"search_term_string\"}}],\"inLanguage\":\"sv-SE\"},{\"@type\":\"Organization\",\"@id\":\"https:\\\/\\\/ownreg.fi\\\/sv\\\/#organization\",\"name\":\"Ownreg\",\"url\":\"https:\\\/\\\/ownreg.fi\\\/sv\\\/\",\"logo\":{\"@type\":\"ImageObject\",\"inLanguage\":\"sv-SE\",\"@id\":\"https:\\\/\\\/ownreg.fi\\\/sv\\\/#\\\/schema\\\/logo\\\/image\\\/\",\"url\":\"https:\\\/\\\/ownreg.fi\\\/wp-content\\\/uploads\\\/2022\\\/02\\\/ownreg_logo_blue.svg\",\"contentUrl\":\"https:\\\/\\\/ownreg.fi\\\/wp-content\\\/uploads\\\/2022\\\/02\\\/ownreg_logo_blue.svg\",\"width\":294.837,\"height\":40.838,\"caption\":\"Ownreg\"},\"image\":{\"@id\":\"https:\\\/\\\/ownreg.fi\\\/sv\\\/#\\\/schema\\\/logo\\\/image\\\/\"}}]}<\/script>\n<!-- \/ Yoast SEO plugin. -->","yoast_head_json":{"title":"Fr\u00e5gor och svar - Ownreg Oy","robots":{"index":"index","follow":"follow","max-snippet":"max-snippet:-1","max-image-preview":"max-image-preview:large","max-video-preview":"max-video-preview:-1"},"canonical":"https:\/\/ownreg.fi\/sv\/fragor-och-svar\/","og_locale":"sv_SE","og_type":"article","og_title":"Fr\u00e5gor och svar - Ownreg Oy","og_description":"Vad \u00e4r syftet med registreringen? \u00c4garregistret uppr\u00e4tth\u00e5ller information om \u00e4garen till serienumrerad utrustning. Registreringen f\u00f6rhindrar finansiella bedr\u00e4gerier och f\u00f6rs\u00e4kringsbedr\u00e4gerier samt olaglig handel med utrustning. \u00c4garregistret \u00f6kar f\u00f6rtroendet mellan de inblandade parterna. Vad \u00e4r merv\u00e4rdet med registreringen? N\u00e4r \u00e4garna registrerar sin utrustning informerar de marknaden och myndigheterna om vem som \u00e4ger utrustningen. Vid k\u00f6p av en [&hellip;]","og_url":"https:\/\/ownreg.fi\/sv\/fragor-och-svar\/","og_site_name":"Ownreg Oy","article_modified_time":"2024-06-14T13:40:49+00:00","og_image":[{"width":1920,"height":1080,"url":"https:\/\/ownreg.fi\/wp-content\/uploads\/2024\/05\/ukk.jpg","type":"image\/jpeg"}],"twitter_card":"summary_large_image","twitter_misc":{"Ber\u00e4knad l\u00e4stid":"2 minuter"},"schema":{"@context":"https:\/\/schema.org","@graph":[{"@type":"WebPage","@id":"https:\/\/ownreg.fi\/sv\/fragor-och-svar\/","url":"https:\/\/ownreg.fi\/sv\/fragor-och-svar\/","name":"Fr\u00e5gor och svar - Ownreg Oy","isPartOf":{"@id":"https:\/\/ownreg.fi\/sv\/#website"},"primaryImageOfPage":{"@id":"https:\/\/ownreg.fi\/sv\/fragor-och-svar\/#primaryimage"},"image":{"@id":"https:\/\/ownreg.fi\/sv\/fragor-och-svar\/#primaryimage"},"thumbnailUrl":"https:\/\/ownreg.fi\/wp-content\/uploads\/2024\/05\/ukk.jpg","datePublished":"2024-05-29T10:59:04+00:00","dateModified":"2024-06-14T13:40:49+00:00","breadcrumb":{"@id":"https:\/\/ownreg.fi\/sv\/fragor-och-svar\/#breadcrumb"},"inLanguage":"sv-SE","potentialAction":[{"@type":"ReadAction","target":["https:\/\/ownreg.fi\/sv\/fragor-och-svar\/"]}]},{"@type":"ImageObject","inLanguage":"sv-SE","@id":"https:\/\/ownreg.fi\/sv\/fragor-och-svar\/#primaryimage","url":"https:\/\/ownreg.fi\/wp-content\/uploads\/2024\/05\/ukk.jpg","contentUrl":"https:\/\/ownreg.fi\/wp-content\/uploads\/2024\/05\/ukk.jpg","width":1920,"height":1080},{"@type":"BreadcrumbList","@id":"https:\/\/ownreg.fi\/sv\/fragor-och-svar\/#breadcrumb","itemListElement":[{"@type":"ListItem","position":1,"name":"Etusivu","item":"https:\/\/ownreg.fi\/sv\/"},{"@type":"ListItem","position":2,"name":"Fr\u00e5gor och svar"}]},{"@type":"WebSite","@id":"https:\/\/ownreg.fi\/sv\/#website","url":"https:\/\/ownreg.fi\/sv\/","name":"Ownreg Oy","description":"Ownreg tiet\u00e4\u00e4, kuka todellinen omistaja on.","publisher":{"@id":"https:\/\/ownreg.fi\/sv\/#organization"},"potentialAction":[{"@type":"SearchAction","target":{"@type":"EntryPoint","urlTemplate":"https:\/\/ownreg.fi\/sv\/?s={search_term_string}"},"query-input":{"@type":"PropertyValueSpecification","valueRequired":true,"valueName":"search_term_string"}}],"inLanguage":"sv-SE"},{"@type":"Organization","@id":"https:\/\/ownreg.fi\/sv\/#organization","name":"Ownreg","url":"https:\/\/ownreg.fi\/sv\/","logo":{"@type":"ImageObject","inLanguage":"sv-SE","@id":"https:\/\/ownreg.fi\/sv\/#\/schema\/logo\/image\/","url":"https:\/\/ownreg.fi\/wp-content\/uploads\/2022\/02\/ownreg_logo_blue.svg","contentUrl":"https:\/\/ownreg.fi\/wp-content\/uploads\/2022\/02\/ownreg_logo_blue.svg","width":294.837,"height":40.838,"caption":"Ownreg"},"image":{"@id":"https:\/\/ownreg.fi\/sv\/#\/schema\/logo\/image\/"}}]}},"_links":{"self":[{"href":"https:\/\/ownreg.fi\/sv\/wp-json\/wp\/v2\/pages\/623","targetHints":{"allow":["GET"]}}],"collection":[{"href":"https:\/\/ownreg.fi\/sv\/wp-json\/wp\/v2\/pages"}],"about":[{"href":"https:\/\/ownreg.fi\/sv\/wp-json\/wp\/v2\/types\/page"}],"author":[{"embeddable":true,"href":"https:\/\/ownreg.fi\/sv\/wp-json\/wp\/v2\/users\/1"}],"replies":[{"embeddable":true,"href":"https:\/\/ownreg.fi\/sv\/wp-json\/wp\/v2\/comments?post=623"}],"version-history":[{"count":1,"href":"https:\/\/ownreg.fi\/sv\/wp-json\/wp\/v2\/pages\/623\/revisions"}],"predecessor-version":[{"id":625,"href":"https:\/\/ownreg.fi\/sv\/wp-json\/wp\/v2\/pages\/623\/revisions\/625"}],"wp:featuredmedia":[{"embeddable":true,"href":"https:\/\/ownreg.fi\/sv\/wp-json\/wp\/v2\/media\/624"}],"wp:attachment":[{"href":"https:\/\/ownreg.fi\/sv\/wp-json\/wp\/v2\/media?parent=623"}],"curies":[{"name":"wp","href":"https:\/\/api.w.org\/{rel}","templated":true}]}}