{"id":628,"date":"2024-05-29T14:50:51","date_gmt":"2024-05-29T11:50:51","guid":{"rendered":"https:\/\/ownreg.sivustamo.dev\/foretaget\/"},"modified":"2024-06-14T16:44:39","modified_gmt":"2024-06-14T13:44:39","slug":"foretaget","status":"publish","type":"page","link":"https:\/\/ownreg.fi\/sv\/foretaget\/","title":{"rendered":"F\u00f6retaget"},"content":{"rendered":"\t\t<div data-elementor-type=\"wp-page\" data-elementor-id=\"628\" class=\"elementor elementor-628 elementor-490\" data-elementor-post-type=\"page\">\n\t\t\t\t<div class=\"elementor-element elementor-element-280ea13 e-con-full e-flex e-con e-parent\" data-id=\"280ea13\" data-element_type=\"container\" data-e-type=\"container\" data-settings=\"{&quot;jet_parallax_layout_list&quot;:[]}\">\n\t\t\t\t<div class=\"elementor-element elementor-element-f8abeb0 elementor-widget elementor-widget-shortcode\" data-id=\"f8abeb0\" data-element_type=\"widget\" data-e-type=\"widget\" data-widget_type=\"shortcode.default\">\n\t\t\t\t<div class=\"elementor-widget-container\">\n\t\t\t\t\t\t\t<div class=\"elementor-shortcode\">\t\t<div data-elementor-type=\"section\" data-elementor-id=\"453\" class=\"elementor elementor-453\" data-elementor-post-type=\"elementor_library\">\n\t\t\t<div class=\"elementor-element elementor-element-d07b538 e-con-full e-flex e-con e-parent\" data-id=\"d07b538\" data-element_type=\"container\" data-e-type=\"container\" data-settings=\"{&quot;background_background&quot;:&quot;classic&quot;,&quot;jet_parallax_layout_list&quot;:[]}\">\n\t\t<div class=\"elementor-element elementor-element-875611d e-con-full e-flex e-con e-child\" data-id=\"875611d\" data-element_type=\"container\" data-e-type=\"container\" data-settings=\"{&quot;jet_parallax_layout_list&quot;:[]}\">\n\t\t\t\t<\/div>\n\t\t<div class=\"elementor-element elementor-element-fd805b5 e-con-full e-flex e-con e-child\" data-id=\"fd805b5\" data-element_type=\"container\" data-e-type=\"container\" data-settings=\"{&quot;background_background&quot;:&quot;classic&quot;,&quot;jet_parallax_layout_list&quot;:[]}\">\n\t\t\t\t<\/div>\n\t\t\t\t<\/div>\n\t\t\t\t<\/div>\n\t\t<\/div>\n\t\t\t\t\t\t<\/div>\n\t\t\t\t<\/div>\n\t\t\t\t<\/div>\n\t\t<div class=\"elementor-element elementor-element-f884584 osiomargin e-flex e-con-boxed e-con e-parent\" data-id=\"f884584\" data-element_type=\"container\" data-e-type=\"container\" data-settings=\"{&quot;jet_parallax_layout_list&quot;:[]}\">\n\t\t\t\t\t<div class=\"e-con-inner\">\n\t\t\t\t<div class=\"elementor-element elementor-element-4dd4f25 elementor-widget elementor-widget-text-editor\" data-id=\"4dd4f25\" data-element_type=\"widget\" data-e-type=\"widget\" data-widget_type=\"text-editor.default\">\n\t\t\t\t<div class=\"elementor-widget-container\">\n\t\t\t\t\t\t\t\t\t<p>Ownreg f\u00f6ddes ur en \u00f6nskan om att ge b\u00e4ttre skydd f\u00f6r l\u00f6s egendom. V\u00e5r tj\u00e4nst \u00e4r ett register \u00f6ver \u00e4gare till serienumrerad utrustning, vilket s\u00e4kerst\u00e4ller att den r\u00e4tta \u00e4garen till utrustningen alltid \u00e4r k\u00e4nd. V\u00e5rt f\u00f6retag grundades av erfarna yrkesm\u00e4n och vi arbetar p\u00e5 ett ansvarsfullt och tillf\u00f6rlitligt s\u00e4tt.<\/p>\n<p>Vi har en stark bakgrund inom finansiella tj\u00e4nster, s\u00e5 vi \u00e4r v\u00e4l medvetna om de utmaningar som finns inom detta omr\u00e5de. Ownreg har dessutom djupg\u00e5ende kunskaper om att bygga och underh\u00e5lla informationssystem, s\u00e4rskilt n\u00e4r det g\u00e4ller anv\u00e4ndningen av f\u00f6retagsdatabaser. Vi \u00e4r ocks\u00e5 experter p\u00e5 ICT-beredskap och har ett n\u00e4ra samarbete med myndigheter.<\/p>\n<p>V\u00e5rt m\u00e5l \u00e4r att skapa trygghet och sinnesro f\u00f6r v\u00e5ra kunder, s\u00e5 att de kan vara s\u00e4kra p\u00e5 att deras tillg\u00e5ngar \u00e4r skyddade. Vi kombinerar v\u00e5r expertis och passion f\u00f6r att ge b\u00e4sta m\u00f6jliga service.<\/p>\n\t\t\t\t\t\t\t\t<\/div>\n\t\t\t\t<\/div>\n\t\t\t\t\t<\/div>\n\t\t\t\t<\/div>\n\t\t\t\t<\/div>\n\t\t","protected":false},"excerpt":{"rendered":"<p>Ownreg f\u00f6ddes ur en \u00f6nskan om att ge b\u00e4ttre skydd f\u00f6r l\u00f6s egendom. V\u00e5r tj\u00e4nst \u00e4r ett register \u00f6ver \u00e4gare till serienumrerad utrustning, vilket s\u00e4kerst\u00e4ller att den r\u00e4tta \u00e4garen till utrustningen alltid \u00e4r k\u00e4nd. V\u00e5rt f\u00f6retag grundades av erfarna yrkesm\u00e4n och vi arbetar p\u00e5 ett ansvarsfullt och tillf\u00f6rlitligt s\u00e4tt. Vi har en stark bakgrund inom [&hellip;]<\/p>\n","protected":false},"author":1,"featured_media":629,"parent":0,"menu_order":0,"comment_status":"closed","ping_status":"closed","template":"elementor_header_footer","meta":{"footnotes":""},"class_list":["post-628","page","type-page","status-publish","has-post-thumbnail","hentry"],"yoast_head":"<!-- This site is optimized with the Yoast SEO plugin v27.3 - https:\/\/yoast.com\/product\/yoast-seo-wordpress\/ -->\n<title>F\u00f6retaget - Ownreg Oy<\/title>\n<meta name=\"robots\" content=\"index, follow, max-snippet:-1, max-image-preview:large, max-video-preview:-1\" \/>\n<link rel=\"canonical\" href=\"https:\/\/ownreg.fi\/sv\/foretaget\/\" \/>\n<meta property=\"og:locale\" content=\"sv_SE\" \/>\n<meta property=\"og:type\" content=\"article\" \/>\n<meta property=\"og:title\" content=\"F\u00f6retaget - Ownreg Oy\" \/>\n<meta property=\"og:description\" content=\"Ownreg f\u00f6ddes ur en \u00f6nskan om att ge b\u00e4ttre skydd f\u00f6r l\u00f6s egendom. V\u00e5r tj\u00e4nst \u00e4r ett register \u00f6ver \u00e4gare till serienumrerad utrustning, vilket s\u00e4kerst\u00e4ller att den r\u00e4tta \u00e4garen till utrustningen alltid \u00e4r k\u00e4nd. V\u00e5rt f\u00f6retag grundades av erfarna yrkesm\u00e4n och vi arbetar p\u00e5 ett ansvarsfullt och tillf\u00f6rlitligt s\u00e4tt. Vi har en stark bakgrund inom [&hellip;]\" \/>\n<meta property=\"og:url\" content=\"https:\/\/ownreg.fi\/sv\/foretaget\/\" \/>\n<meta property=\"og:site_name\" content=\"Ownreg Oy\" \/>\n<meta property=\"article:modified_time\" content=\"2024-06-14T13:44:39+00:00\" \/>\n<meta property=\"og:image\" content=\"https:\/\/ownreg.fi\/wp-content\/uploads\/2024\/05\/yritys.jpg\" \/>\n\t<meta property=\"og:image:width\" content=\"1920\" \/>\n\t<meta property=\"og:image:height\" content=\"1080\" \/>\n\t<meta property=\"og:image:type\" content=\"image\/jpeg\" \/>\n<meta name=\"twitter:card\" content=\"summary_large_image\" \/>\n<meta name=\"twitter:label1\" content=\"Ber\u00e4knad l\u00e4stid\" \/>\n\t<meta name=\"twitter:data1\" content=\"1 minut\" \/>\n<script type=\"application\/ld+json\" class=\"yoast-schema-graph\">{\"@context\":\"https:\\\/\\\/schema.org\",\"@graph\":[{\"@type\":\"WebPage\",\"@id\":\"https:\\\/\\\/ownreg.fi\\\/sv\\\/foretaget\\\/\",\"url\":\"https:\\\/\\\/ownreg.fi\\\/sv\\\/foretaget\\\/\",\"name\":\"F\u00f6retaget - Ownreg Oy\",\"isPartOf\":{\"@id\":\"https:\\\/\\\/ownreg.fi\\\/sv\\\/#website\"},\"primaryImageOfPage\":{\"@id\":\"https:\\\/\\\/ownreg.fi\\\/sv\\\/foretaget\\\/#primaryimage\"},\"image\":{\"@id\":\"https:\\\/\\\/ownreg.fi\\\/sv\\\/foretaget\\\/#primaryimage\"},\"thumbnailUrl\":\"https:\\\/\\\/ownreg.fi\\\/wp-content\\\/uploads\\\/2024\\\/05\\\/yritys.jpg\",\"datePublished\":\"2024-05-29T11:50:51+00:00\",\"dateModified\":\"2024-06-14T13:44:39+00:00\",\"breadcrumb\":{\"@id\":\"https:\\\/\\\/ownreg.fi\\\/sv\\\/foretaget\\\/#breadcrumb\"},\"inLanguage\":\"sv-SE\",\"potentialAction\":[{\"@type\":\"ReadAction\",\"target\":[\"https:\\\/\\\/ownreg.fi\\\/sv\\\/foretaget\\\/\"]}]},{\"@type\":\"ImageObject\",\"inLanguage\":\"sv-SE\",\"@id\":\"https:\\\/\\\/ownreg.fi\\\/sv\\\/foretaget\\\/#primaryimage\",\"url\":\"https:\\\/\\\/ownreg.fi\\\/wp-content\\\/uploads\\\/2024\\\/05\\\/yritys.jpg\",\"contentUrl\":\"https:\\\/\\\/ownreg.fi\\\/wp-content\\\/uploads\\\/2024\\\/05\\\/yritys.jpg\",\"width\":1920,\"height\":1080},{\"@type\":\"BreadcrumbList\",\"@id\":\"https:\\\/\\\/ownreg.fi\\\/sv\\\/foretaget\\\/#breadcrumb\",\"itemListElement\":[{\"@type\":\"ListItem\",\"position\":1,\"name\":\"Etusivu\",\"item\":\"https:\\\/\\\/ownreg.fi\\\/sv\\\/\"},{\"@type\":\"ListItem\",\"position\":2,\"name\":\"F\u00f6retaget\"}]},{\"@type\":\"WebSite\",\"@id\":\"https:\\\/\\\/ownreg.fi\\\/sv\\\/#website\",\"url\":\"https:\\\/\\\/ownreg.fi\\\/sv\\\/\",\"name\":\"Ownreg Oy\",\"description\":\"Ownreg tiet\u00e4\u00e4, kuka todellinen omistaja on.\",\"publisher\":{\"@id\":\"https:\\\/\\\/ownreg.fi\\\/sv\\\/#organization\"},\"potentialAction\":[{\"@type\":\"SearchAction\",\"target\":{\"@type\":\"EntryPoint\",\"urlTemplate\":\"https:\\\/\\\/ownreg.fi\\\/sv\\\/?s={search_term_string}\"},\"query-input\":{\"@type\":\"PropertyValueSpecification\",\"valueRequired\":true,\"valueName\":\"search_term_string\"}}],\"inLanguage\":\"sv-SE\"},{\"@type\":\"Organization\",\"@id\":\"https:\\\/\\\/ownreg.fi\\\/sv\\\/#organization\",\"name\":\"Ownreg\",\"url\":\"https:\\\/\\\/ownreg.fi\\\/sv\\\/\",\"logo\":{\"@type\":\"ImageObject\",\"inLanguage\":\"sv-SE\",\"@id\":\"https:\\\/\\\/ownreg.fi\\\/sv\\\/#\\\/schema\\\/logo\\\/image\\\/\",\"url\":\"https:\\\/\\\/ownreg.fi\\\/wp-content\\\/uploads\\\/2022\\\/02\\\/ownreg_logo_blue.svg\",\"contentUrl\":\"https:\\\/\\\/ownreg.fi\\\/wp-content\\\/uploads\\\/2022\\\/02\\\/ownreg_logo_blue.svg\",\"width\":294.837,\"height\":40.838,\"caption\":\"Ownreg\"},\"image\":{\"@id\":\"https:\\\/\\\/ownreg.fi\\\/sv\\\/#\\\/schema\\\/logo\\\/image\\\/\"}}]}<\/script>\n<!-- \/ Yoast SEO plugin. -->","yoast_head_json":{"title":"F\u00f6retaget - Ownreg Oy","robots":{"index":"index","follow":"follow","max-snippet":"max-snippet:-1","max-image-preview":"max-image-preview:large","max-video-preview":"max-video-preview:-1"},"canonical":"https:\/\/ownreg.fi\/sv\/foretaget\/","og_locale":"sv_SE","og_type":"article","og_title":"F\u00f6retaget - Ownreg Oy","og_description":"Ownreg f\u00f6ddes ur en \u00f6nskan om att ge b\u00e4ttre skydd f\u00f6r l\u00f6s egendom. V\u00e5r tj\u00e4nst \u00e4r ett register \u00f6ver \u00e4gare till serienumrerad utrustning, vilket s\u00e4kerst\u00e4ller att den r\u00e4tta \u00e4garen till utrustningen alltid \u00e4r k\u00e4nd. V\u00e5rt f\u00f6retag grundades av erfarna yrkesm\u00e4n och vi arbetar p\u00e5 ett ansvarsfullt och tillf\u00f6rlitligt s\u00e4tt. Vi har en stark bakgrund inom [&hellip;]","og_url":"https:\/\/ownreg.fi\/sv\/foretaget\/","og_site_name":"Ownreg Oy","article_modified_time":"2024-06-14T13:44:39+00:00","og_image":[{"width":1920,"height":1080,"url":"https:\/\/ownreg.fi\/wp-content\/uploads\/2024\/05\/yritys.jpg","type":"image\/jpeg"}],"twitter_card":"summary_large_image","twitter_misc":{"Ber\u00e4knad l\u00e4stid":"1 minut"},"schema":{"@context":"https:\/\/schema.org","@graph":[{"@type":"WebPage","@id":"https:\/\/ownreg.fi\/sv\/foretaget\/","url":"https:\/\/ownreg.fi\/sv\/foretaget\/","name":"F\u00f6retaget - Ownreg Oy","isPartOf":{"@id":"https:\/\/ownreg.fi\/sv\/#website"},"primaryImageOfPage":{"@id":"https:\/\/ownreg.fi\/sv\/foretaget\/#primaryimage"},"image":{"@id":"https:\/\/ownreg.fi\/sv\/foretaget\/#primaryimage"},"thumbnailUrl":"https:\/\/ownreg.fi\/wp-content\/uploads\/2024\/05\/yritys.jpg","datePublished":"2024-05-29T11:50:51+00:00","dateModified":"2024-06-14T13:44:39+00:00","breadcrumb":{"@id":"https:\/\/ownreg.fi\/sv\/foretaget\/#breadcrumb"},"inLanguage":"sv-SE","potentialAction":[{"@type":"ReadAction","target":["https:\/\/ownreg.fi\/sv\/foretaget\/"]}]},{"@type":"ImageObject","inLanguage":"sv-SE","@id":"https:\/\/ownreg.fi\/sv\/foretaget\/#primaryimage","url":"https:\/\/ownreg.fi\/wp-content\/uploads\/2024\/05\/yritys.jpg","contentUrl":"https:\/\/ownreg.fi\/wp-content\/uploads\/2024\/05\/yritys.jpg","width":1920,"height":1080},{"@type":"BreadcrumbList","@id":"https:\/\/ownreg.fi\/sv\/foretaget\/#breadcrumb","itemListElement":[{"@type":"ListItem","position":1,"name":"Etusivu","item":"https:\/\/ownreg.fi\/sv\/"},{"@type":"ListItem","position":2,"name":"F\u00f6retaget"}]},{"@type":"WebSite","@id":"https:\/\/ownreg.fi\/sv\/#website","url":"https:\/\/ownreg.fi\/sv\/","name":"Ownreg Oy","description":"Ownreg tiet\u00e4\u00e4, kuka todellinen omistaja on.","publisher":{"@id":"https:\/\/ownreg.fi\/sv\/#organization"},"potentialAction":[{"@type":"SearchAction","target":{"@type":"EntryPoint","urlTemplate":"https:\/\/ownreg.fi\/sv\/?s={search_term_string}"},"query-input":{"@type":"PropertyValueSpecification","valueRequired":true,"valueName":"search_term_string"}}],"inLanguage":"sv-SE"},{"@type":"Organization","@id":"https:\/\/ownreg.fi\/sv\/#organization","name":"Ownreg","url":"https:\/\/ownreg.fi\/sv\/","logo":{"@type":"ImageObject","inLanguage":"sv-SE","@id":"https:\/\/ownreg.fi\/sv\/#\/schema\/logo\/image\/","url":"https:\/\/ownreg.fi\/wp-content\/uploads\/2022\/02\/ownreg_logo_blue.svg","contentUrl":"https:\/\/ownreg.fi\/wp-content\/uploads\/2022\/02\/ownreg_logo_blue.svg","width":294.837,"height":40.838,"caption":"Ownreg"},"image":{"@id":"https:\/\/ownreg.fi\/sv\/#\/schema\/logo\/image\/"}}]}},"_links":{"self":[{"href":"https:\/\/ownreg.fi\/sv\/wp-json\/wp\/v2\/pages\/628","targetHints":{"allow":["GET"]}}],"collection":[{"href":"https:\/\/ownreg.fi\/sv\/wp-json\/wp\/v2\/pages"}],"about":[{"href":"https:\/\/ownreg.fi\/sv\/wp-json\/wp\/v2\/types\/page"}],"author":[{"embeddable":true,"href":"https:\/\/ownreg.fi\/sv\/wp-json\/wp\/v2\/users\/1"}],"replies":[{"embeddable":true,"href":"https:\/\/ownreg.fi\/sv\/wp-json\/wp\/v2\/comments?post=628"}],"version-history":[{"count":1,"href":"https:\/\/ownreg.fi\/sv\/wp-json\/wp\/v2\/pages\/628\/revisions"}],"predecessor-version":[{"id":630,"href":"https:\/\/ownreg.fi\/sv\/wp-json\/wp\/v2\/pages\/628\/revisions\/630"}],"wp:featuredmedia":[{"embeddable":true,"href":"https:\/\/ownreg.fi\/sv\/wp-json\/wp\/v2\/media\/629"}],"wp:attachment":[{"href":"https:\/\/ownreg.fi\/sv\/wp-json\/wp\/v2\/media?parent=628"}],"curies":[{"name":"wp","href":"https:\/\/api.w.org\/{rel}","templated":true}]}}