{"id":634,"date":"2022-02-01T06:58:23","date_gmt":"2022-02-01T04:58:23","guid":{"rendered":"https:\/\/ownreg.sivustamo.dev\/hem\/"},"modified":"2024-06-25T12:07:49","modified_gmt":"2024-06-25T09:07:49","slug":"hem","status":"publish","type":"page","link":"https:\/\/ownreg.fi\/sv\/","title":{"rendered":"Hem"},"content":{"rendered":"\t\t<div data-elementor-type=\"wp-page\" data-elementor-id=\"634\" class=\"elementor elementor-634 elementor-2\" data-elementor-post-type=\"page\">\n\t\t\t\t<div class=\"elementor-element elementor-element-d6480e2 e-con-full e-flex e-con e-parent\" data-id=\"d6480e2\" data-element_type=\"container\" data-e-type=\"container\" data-settings=\"{&quot;background_background&quot;:&quot;classic&quot;,&quot;jet_parallax_layout_list&quot;:[]}\">\n\t\t<div class=\"elementor-element elementor-element-bc90db0 e-con-full e-flex e-con e-child\" data-id=\"bc90db0\" data-element_type=\"container\" data-e-type=\"container\" data-settings=\"{&quot;jet_parallax_layout_list&quot;:[]}\">\n\t\t<div class=\"elementor-element elementor-element-6589219 e-con-full e-flex e-con e-child\" data-id=\"6589219\" data-element_type=\"container\" data-e-type=\"container\" data-settings=\"{&quot;jet_parallax_layout_list&quot;:[]}\">\n\t\t\t\t<div class=\"elementor-element elementor-element-c4a93d5 elementor-widget elementor-widget-heading\" data-id=\"c4a93d5\" data-element_type=\"widget\" data-e-type=\"widget\" data-widget_type=\"heading.default\">\n\t\t\t\t<div class=\"elementor-widget-container\">\n\t\t\t\t\t<h1 class=\"elementor-heading-title elementor-size-default\">Ownreg vet vem som \u00e4r den verkliga \u00e4garen.<\/h1>\t\t\t\t<\/div>\n\t\t\t\t<\/div>\n\t\t\t\t<\/div>\n\t\t\t\t<div class=\"elementor-element elementor-element-e2082dc elementor-widget__width-auto elementor-absolute elementor-widget elementor-widget-image\" data-id=\"e2082dc\" data-element_type=\"widget\" data-e-type=\"widget\" data-settings=\"{&quot;_position&quot;:&quot;absolute&quot;}\" data-widget_type=\"image.default\">\n\t\t\t\t<div class=\"elementor-widget-container\">\n\t\t\t\t\t\t\t\t\t\t\t\t\t\t\t<img decoding=\"async\" width=\"37\" height=\"36\" src=\"https:\/\/ownreg.fi\/wp-content\/uploads\/2024\/05\/ownreg_icon_white.svg\" class=\"attachment-full size-full wp-image-637\" alt=\"\" \/>\t\t\t\t\t\t\t\t\t\t\t\t\t\t\t<\/div>\n\t\t\t\t<\/div>\n\t\t\t\t<\/div>\n\t\t<div class=\"elementor-element elementor-element-782d882 e-con-full e-flex e-con e-child\" data-id=\"782d882\" data-element_type=\"container\" data-e-type=\"container\" data-settings=\"{&quot;background_background&quot;:&quot;classic&quot;,&quot;jet_parallax_layout_list&quot;:[]}\">\n\t\t\t\t<\/div>\n\t\t\t\t<\/div>\n\t\t<div class=\"elementor-element elementor-element-7679b45 osiomargin e-flex e-con-boxed e-con e-parent\" data-id=\"7679b45\" data-element_type=\"container\" data-e-type=\"container\" data-settings=\"{&quot;jet_parallax_layout_list&quot;:[]}\">\n\t\t\t\t\t<div class=\"e-con-inner\">\n\t\t<div class=\"elementor-element elementor-element-e9f45b4 e-con-full e-flex e-con e-child\" data-id=\"e9f45b4\" data-element_type=\"container\" data-e-type=\"container\" data-settings=\"{&quot;background_background&quot;:&quot;classic&quot;,&quot;jet_parallax_layout_list&quot;:[]}\">\n\t\t\t\t<\/div>\n\t\t<div class=\"elementor-element elementor-element-8ec2bc2 e-con-full e-flex e-con e-child\" data-id=\"8ec2bc2\" data-element_type=\"container\" data-e-type=\"container\" data-settings=\"{&quot;jet_parallax_layout_list&quot;:[]}\">\n\t\t\t\t<div class=\"elementor-element elementor-element-54b407a elementor-widget elementor-widget-heading\" data-id=\"54b407a\" data-element_type=\"widget\" data-e-type=\"widget\" data-widget_type=\"heading.default\">\n\t\t\t\t<div class=\"elementor-widget-container\">\n\t\t\t\t\t<h2 class=\"elementor-heading-title elementor-size-default\">\u00c4garregistret ber\u00e4ttar vem som \u00e4ger objektet<\/h2>\t\t\t\t<\/div>\n\t\t\t\t<\/div>\n\t\t\t\t<div class=\"elementor-element elementor-element-365e8d8 elementor-widget elementor-widget-text-editor\" data-id=\"365e8d8\" data-element_type=\"widget\" data-e-type=\"widget\" data-widget_type=\"text-editor.default\">\n\t\t\t\t<div class=\"elementor-widget-container\">\n\t\t\t\t\t\t\t\t\t<p>Ownregs \u00e4garregister \u00e4r en tj\u00e4nst som \u00e4r uppbyggd kring \u00e4garens behov. \u00c4garregistret f\u00f6rb\u00e4ttrar skyddet av objektet. Tillverkaren identifierar objektet med hj\u00e4lp av serienumret och Ownreg kopplar \u00e4garen till objektet med hj\u00e4lp av serienumret. P\u00e5 s\u00e5 s\u00e4tt vet &#8221;<em>Ownreg vem som \u00e4r den verkliga \u00e4garen<\/em>&#8221;.<\/p><p>\u00c4garen till objektet eller s\u00e4ljaren, p\u00e5 \u00e4garens v\u00e4gnar, kan registrera utrustningen med tj\u00e4nsten. Den som registrerar ansvarar f\u00f6r att informationen p\u00e5 objektet \u00e4r korrekt. \u00c4garen har r\u00e4tt att l\u00e4gga till, \u00e4ndra och ta bort sina egna objekt och att se informationen om sina egna objekt. Som \u00e4gare kan du ocks\u00e5 anm\u00e4la ett f\u00f6rem\u00e5l som f\u00f6rsvunnet.<\/p><p>Genom att ange serienumret kan du kontrollera vem som \u00e4r den verkliga \u00e4garen till objektet.<\/p><p>Ownreg \u00f6vervakar registreringar och implementerar en ansvarsfull och stark s\u00e4kerhetskultur.<\/p>\t\t\t\t\t\t\t\t<\/div>\n\t\t\t\t<\/div>\n\t\t\t\t<\/div>\n\t\t\t\t\t<\/div>\n\t\t\t\t<\/div>\n\t\t<div class=\"elementor-element elementor-element-d946f7e osiopadding e-flex e-con-boxed e-con e-parent\" data-id=\"d946f7e\" data-element_type=\"container\" data-e-type=\"container\" data-settings=\"{&quot;background_background&quot;:&quot;classic&quot;,&quot;jet_parallax_layout_list&quot;:[]}\">\n\t\t\t\t\t<div class=\"e-con-inner\">\n\t\t\t\t<div class=\"elementor-element elementor-element-3ffbdde elementor-widget elementor-widget-heading\" data-id=\"3ffbdde\" data-element_type=\"widget\" data-e-type=\"widget\" data-widget_type=\"heading.default\">\n\t\t\t\t<div class=\"elementor-widget-container\">\n\t\t\t\t\t<h2 class=\"elementor-heading-title elementor-size-default\">F\u00f6rdelarna med registret<\/h2>\t\t\t\t<\/div>\n\t\t\t\t<\/div>\n\t\t\t\t<div class=\"elementor-element elementor-element-d0fb3eb elementor-widget elementor-widget-text-editor\" data-id=\"d0fb3eb\" data-element_type=\"widget\" data-e-type=\"widget\" data-widget_type=\"text-editor.default\">\n\t\t\t\t<div class=\"elementor-widget-container\">\n\t\t\t\t\t\t\t\t\t<p>Ownregs \u00e4garregister f\u00f6rhindrar handel med st\u00f6ldgods samt finans- och f\u00f6rs\u00e4kringsbedr\u00e4gerier. <br \/>Vid f\u00f6rs\u00e4ljning av objekten \u00f6kar Ownreg-registret f\u00f6rtroendet mellan parterna.<\/p>\n\t\t\t\t\t\t\t\t<\/div>\n\t\t\t\t<\/div>\n\t\t\t\t\t<\/div>\n\t\t\t\t<\/div>\n\t\t<div class=\"elementor-element elementor-element-d40f9b2 osiomargin e-flex e-con-boxed e-con e-parent\" data-id=\"d40f9b2\" data-element_type=\"container\" data-e-type=\"container\" data-settings=\"{&quot;jet_parallax_layout_list&quot;:[]}\">\n\t\t\t\t\t<div class=\"e-con-inner\">\n\t\t<div class=\"elementor-element elementor-element-c206c98 e-con-full e-flex e-con e-child\" data-id=\"c206c98\" data-element_type=\"container\" data-e-type=\"container\" data-settings=\"{&quot;jet_parallax_layout_list&quot;:[]}\">\n\t\t\t\t<div class=\"elementor-element elementor-element-b9bfa95 elementor-widget elementor-widget-heading\" data-id=\"b9bfa95\" data-element_type=\"widget\" data-e-type=\"widget\" data-widget_type=\"heading.default\">\n\t\t\t\t<div class=\"elementor-widget-container\">\n\t\t\t\t\t<h2 class=\"elementor-heading-title elementor-size-default\">Informationss\u00e4kerhet<\/h2>\t\t\t\t<\/div>\n\t\t\t\t<\/div>\n\t\t\t\t<div class=\"elementor-element elementor-element-2586dbc elementor-icon-list--layout-traditional elementor-list-item-link-full_width elementor-widget elementor-widget-icon-list\" data-id=\"2586dbc\" data-element_type=\"widget\" data-e-type=\"widget\" data-widget_type=\"icon-list.default\">\n\t\t\t\t<div class=\"elementor-widget-container\">\n\t\t\t\t\t\t\t<ul class=\"elementor-icon-list-items\">\n\t\t\t\t\t\t\t<li class=\"elementor-icon-list-item\">\n\t\t\t\t\t\t\t\t\t\t\t<span class=\"elementor-icon-list-icon\">\n\t\t\t\t\t\t\t<svg xmlns=\"http:\/\/www.w3.org\/2000\/svg\" width=\"11\" height=\"11\" viewBox=\"0 0 11 11\"><rect id=\"Rectangle_13\" data-name=\"Rectangle 13\" width=\"11\" height=\"11\" rx=\"3\"><\/rect><\/svg>\t\t\t\t\t\t<\/span>\n\t\t\t\t\t\t\t\t\t\t<span class=\"elementor-icon-list-text\">F\u00f6retaget har en stark informationss\u00e4kerhetskultur.<\/span>\n\t\t\t\t\t\t\t\t\t<\/li>\n\t\t\t\t\t\t\t\t<li class=\"elementor-icon-list-item\">\n\t\t\t\t\t\t\t\t\t\t\t<span class=\"elementor-icon-list-icon\">\n\t\t\t\t\t\t\t<svg xmlns=\"http:\/\/www.w3.org\/2000\/svg\" width=\"11\" height=\"11\" viewBox=\"0 0 11 11\"><rect id=\"Rectangle_13\" data-name=\"Rectangle 13\" width=\"11\" height=\"11\" rx=\"3\"><\/rect><\/svg>\t\t\t\t\t\t<\/span>\n\t\t\t\t\t\t\t\t\t\t<span class=\"elementor-icon-list-text\">Objekten registreras i registret av \u00e4garen eller p\u00e5 \u00e4garens beg\u00e4ran.<\/span>\n\t\t\t\t\t\t\t\t\t<\/li>\n\t\t\t\t\t\t\t\t<li class=\"elementor-icon-list-item\">\n\t\t\t\t\t\t\t\t\t\t\t<span class=\"elementor-icon-list-icon\">\n\t\t\t\t\t\t\t<svg xmlns=\"http:\/\/www.w3.org\/2000\/svg\" width=\"11\" height=\"11\" viewBox=\"0 0 11 11\"><rect id=\"Rectangle_13\" data-name=\"Rectangle 13\" width=\"11\" height=\"11\" rx=\"3\"><\/rect><\/svg>\t\t\t\t\t\t<\/span>\n\t\t\t\t\t\t\t\t\t\t<span class=\"elementor-icon-list-text\">Datainneh\u00e5llet i registret \u00e4r begr\u00e4nsat: serienummer och \u00e4garinformation, det rekommenderas att registrera m\u00e4rkes- och modellinformation f\u00f6r att identifiera objektet.<\/span>\n\t\t\t\t\t\t\t\t\t<\/li>\n\t\t\t\t\t\t\t\t<li class=\"elementor-icon-list-item\">\n\t\t\t\t\t\t\t\t\t\t\t<span class=\"elementor-icon-list-icon\">\n\t\t\t\t\t\t\t<svg xmlns=\"http:\/\/www.w3.org\/2000\/svg\" width=\"11\" height=\"11\" viewBox=\"0 0 11 11\"><rect id=\"Rectangle_13\" data-name=\"Rectangle 13\" width=\"11\" height=\"11\" rx=\"3\"><\/rect><\/svg>\t\t\t\t\t\t<\/span>\n\t\t\t\t\t\t\t\t\t\t<span class=\"elementor-icon-list-text\">Registret kan s\u00f6kas med hj\u00e4lp av serienummer.<\/span>\n\t\t\t\t\t\t\t\t\t<\/li>\n\t\t\t\t\t\t\t\t<li class=\"elementor-icon-list-item\">\n\t\t\t\t\t\t\t\t\t\t\t<span class=\"elementor-icon-list-icon\">\n\t\t\t\t\t\t\t<svg xmlns=\"http:\/\/www.w3.org\/2000\/svg\" width=\"11\" height=\"11\" viewBox=\"0 0 11 11\"><rect id=\"Rectangle_13\" data-name=\"Rectangle 13\" width=\"11\" height=\"11\" rx=\"3\"><\/rect><\/svg>\t\t\t\t\t\t<\/span>\n\t\t\t\t\t\t\t\t\t\t<span class=\"elementor-icon-list-text\">Registret kan inte k\u00f6pas eller kopieras.<\/span>\n\t\t\t\t\t\t\t\t\t<\/li>\n\t\t\t\t\t\t\t\t<li class=\"elementor-icon-list-item\">\n\t\t\t\t\t\t\t\t\t\t\t<span class=\"elementor-icon-list-icon\">\n\t\t\t\t\t\t\t<svg xmlns=\"http:\/\/www.w3.org\/2000\/svg\" width=\"11\" height=\"11\" viewBox=\"0 0 11 11\"><rect id=\"Rectangle_13\" data-name=\"Rectangle 13\" width=\"11\" height=\"11\" rx=\"3\"><\/rect><\/svg>\t\t\t\t\t\t<\/span>\n\t\t\t\t\t\t\t\t\t\t<span class=\"elementor-icon-list-text\">En omfattande logg \u00f6ver h\u00e4ndelser f\u00f6rs.<\/span>\n\t\t\t\t\t\t\t\t\t<\/li>\n\t\t\t\t\t\t<\/ul>\n\t\t\t\t\t\t<\/div>\n\t\t\t\t<\/div>\n\t\t\t\t<\/div>\n\t\t<div class=\"elementor-element elementor-element-d757092 e-con-full e-flex e-con e-child\" data-id=\"d757092\" data-element_type=\"container\" data-e-type=\"container\" data-settings=\"{&quot;background_background&quot;:&quot;classic&quot;,&quot;jet_parallax_layout_list&quot;:[]}\">\n\t\t\t\t<\/div>\n\t\t\t\t\t<\/div>\n\t\t\t\t<\/div>\n\t\t\t\t<\/div>\n\t\t","protected":false},"excerpt":{"rendered":"<p>Ownreg vet vem som \u00e4r den verkliga \u00e4garen. \u00c4garregistret ber\u00e4ttar vem som \u00e4ger objektet Ownregs \u00e4garregister \u00e4r en tj\u00e4nst som \u00e4r uppbyggd kring \u00e4garens behov. \u00c4garregistret f\u00f6rb\u00e4ttrar skyddet av objektet. Tillverkaren identifierar objektet med hj\u00e4lp av serienumret och Ownreg kopplar \u00e4garen till objektet med hj\u00e4lp av serienumret. P\u00e5 s\u00e5 s\u00e4tt vet &#8221;Ownreg vem som \u00e4r [&hellip;]<\/p>\n","protected":false},"author":1,"featured_media":641,"parent":0,"menu_order":0,"comment_status":"closed","ping_status":"open","template":"","meta":{"footnotes":""},"class_list":["post-634","page","type-page","status-publish","has-post-thumbnail","hentry"],"yoast_head":"<!-- This site is optimized with the Yoast SEO plugin v27.3 - https:\/\/yoast.com\/product\/yoast-seo-wordpress\/ -->\n<title>Ownreg Oy - Ownreg vet vem som \u00e4r den verkliga \u00e4garen.<\/title>\n<meta name=\"description\" content=\"V\u00e5r tj\u00e4nst \u00e4r ett register \u00f6ver \u00e4gare till serienumrerad utrustning, vilket s\u00e4kerst\u00e4ller att den r\u00e4tta \u00e4garen till utrustningen alltid \u00e4r k\u00e4nd.\" \/>\n<meta name=\"robots\" content=\"index, follow, max-snippet:-1, max-image-preview:large, max-video-preview:-1\" \/>\n<link rel=\"canonical\" href=\"https:\/\/ownreg.fi\/sv\/\" \/>\n<meta property=\"og:locale\" content=\"sv_SE\" \/>\n<meta property=\"og:type\" content=\"article\" \/>\n<meta property=\"og:title\" content=\"Ownreg Oy - Ownreg vet vem som \u00e4r den verkliga \u00e4garen.\" \/>\n<meta property=\"og:description\" content=\"V\u00e5r tj\u00e4nst \u00e4r ett register \u00f6ver \u00e4gare till serienumrerad utrustning, vilket s\u00e4kerst\u00e4ller att den r\u00e4tta \u00e4garen till utrustningen alltid \u00e4r k\u00e4nd.\" \/>\n<meta property=\"og:url\" content=\"https:\/\/ownreg.fi\/sv\/\" \/>\n<meta property=\"og:site_name\" content=\"Ownreg Oy\" \/>\n<meta property=\"article:modified_time\" content=\"2024-06-25T09:07:49+00:00\" \/>\n<meta property=\"og:image\" content=\"https:\/\/ownreg.fi\/wp-content\/uploads\/2024\/05\/ownreg_hero-1024x564.jpg\" \/>\n<meta name=\"twitter:card\" content=\"summary_large_image\" \/>\n<meta name=\"twitter:title\" content=\"Ownreg Oy - Ownreg vet vem som \u00e4r den verkliga \u00e4garen.\" \/>\n<meta name=\"twitter:description\" content=\"V\u00e5r tj\u00e4nst \u00e4r ett register \u00f6ver \u00e4gare till serienumrerad utrustning, vilket s\u00e4kerst\u00e4ller att den r\u00e4tta \u00e4garen till utrustningen alltid \u00e4r k\u00e4nd.\" \/>\n<meta name=\"twitter:image\" content=\"https:\/\/ownreg.fi\/wp-content\/uploads\/2024\/05\/ownreg_hero-1024x564.jpg\" \/>\n<meta name=\"twitter:label1\" content=\"Ber\u00e4knad l\u00e4stid\" \/>\n\t<meta name=\"twitter:data1\" content=\"2 minuter\" \/>\n<script type=\"application\/ld+json\" class=\"yoast-schema-graph\">{\"@context\":\"https:\\\/\\\/schema.org\",\"@graph\":[{\"@type\":\"WebPage\",\"@id\":\"https:\\\/\\\/ownreg.fi\\\/sv\\\/\",\"url\":\"https:\\\/\\\/ownreg.fi\\\/sv\\\/\",\"name\":\"Ownreg Oy - Ownreg vet vem som \u00e4r den verkliga \u00e4garen.\",\"isPartOf\":{\"@id\":\"https:\\\/\\\/ownreg.fi\\\/sv\\\/#website\"},\"primaryImageOfPage\":{\"@id\":\"https:\\\/\\\/ownreg.fi\\\/sv\\\/#primaryimage\"},\"image\":{\"@id\":\"https:\\\/\\\/ownreg.fi\\\/sv\\\/#primaryimage\"},\"thumbnailUrl\":\"https:\\\/\\\/ownreg.fi\\\/wp-content\\\/uploads\\\/2022\\\/02\\\/ownreg_favicon1.svg\",\"datePublished\":\"2022-02-01T04:58:23+00:00\",\"dateModified\":\"2024-06-25T09:07:49+00:00\",\"description\":\"V\u00e5r tj\u00e4nst \u00e4r ett register \u00f6ver \u00e4gare till serienumrerad utrustning, vilket s\u00e4kerst\u00e4ller att den r\u00e4tta \u00e4garen till utrustningen alltid \u00e4r k\u00e4nd.\",\"breadcrumb\":{\"@id\":\"https:\\\/\\\/ownreg.fi\\\/sv\\\/#breadcrumb\"},\"inLanguage\":\"sv-SE\",\"potentialAction\":[{\"@type\":\"ReadAction\",\"target\":[\"https:\\\/\\\/ownreg.fi\\\/sv\\\/\"]}]},{\"@type\":\"ImageObject\",\"inLanguage\":\"sv-SE\",\"@id\":\"https:\\\/\\\/ownreg.fi\\\/sv\\\/#primaryimage\",\"url\":\"https:\\\/\\\/ownreg.fi\\\/wp-content\\\/uploads\\\/2022\\\/02\\\/ownreg_favicon1.svg\",\"contentUrl\":\"https:\\\/\\\/ownreg.fi\\\/wp-content\\\/uploads\\\/2022\\\/02\\\/ownreg_favicon1.svg\",\"width\":37.2,\"height\":37.2},{\"@type\":\"BreadcrumbList\",\"@id\":\"https:\\\/\\\/ownreg.fi\\\/sv\\\/#breadcrumb\",\"itemListElement\":[{\"@type\":\"ListItem\",\"position\":1,\"name\":\"Etusivu\",\"item\":\"https:\\\/\\\/ownreg.fi\\\/sv\\\/\"},{\"@type\":\"ListItem\",\"position\":2,\"name\":\"Hem\"}]},{\"@type\":\"WebSite\",\"@id\":\"https:\\\/\\\/ownreg.fi\\\/sv\\\/#website\",\"url\":\"https:\\\/\\\/ownreg.fi\\\/sv\\\/\",\"name\":\"Ownreg Oy\",\"description\":\"Ownreg tiet\u00e4\u00e4, kuka todellinen omistaja on.\",\"publisher\":{\"@id\":\"https:\\\/\\\/ownreg.fi\\\/sv\\\/#organization\"},\"potentialAction\":[{\"@type\":\"SearchAction\",\"target\":{\"@type\":\"EntryPoint\",\"urlTemplate\":\"https:\\\/\\\/ownreg.fi\\\/sv\\\/?s={search_term_string}\"},\"query-input\":{\"@type\":\"PropertyValueSpecification\",\"valueRequired\":true,\"valueName\":\"search_term_string\"}}],\"inLanguage\":\"sv-SE\"},{\"@type\":\"Organization\",\"@id\":\"https:\\\/\\\/ownreg.fi\\\/sv\\\/#organization\",\"name\":\"Ownreg\",\"url\":\"https:\\\/\\\/ownreg.fi\\\/sv\\\/\",\"logo\":{\"@type\":\"ImageObject\",\"inLanguage\":\"sv-SE\",\"@id\":\"https:\\\/\\\/ownreg.fi\\\/sv\\\/#\\\/schema\\\/logo\\\/image\\\/\",\"url\":\"https:\\\/\\\/ownreg.fi\\\/wp-content\\\/uploads\\\/2022\\\/02\\\/ownreg_logo_blue.svg\",\"contentUrl\":\"https:\\\/\\\/ownreg.fi\\\/wp-content\\\/uploads\\\/2022\\\/02\\\/ownreg_logo_blue.svg\",\"width\":294.837,\"height\":40.838,\"caption\":\"Ownreg\"},\"image\":{\"@id\":\"https:\\\/\\\/ownreg.fi\\\/sv\\\/#\\\/schema\\\/logo\\\/image\\\/\"}}]}<\/script>\n<!-- \/ Yoast SEO plugin. -->","yoast_head_json":{"title":"Ownreg Oy - Ownreg vet vem som \u00e4r den verkliga \u00e4garen.","description":"V\u00e5r tj\u00e4nst \u00e4r ett register \u00f6ver \u00e4gare till serienumrerad utrustning, vilket s\u00e4kerst\u00e4ller att den r\u00e4tta \u00e4garen till utrustningen alltid \u00e4r k\u00e4nd.","robots":{"index":"index","follow":"follow","max-snippet":"max-snippet:-1","max-image-preview":"max-image-preview:large","max-video-preview":"max-video-preview:-1"},"canonical":"https:\/\/ownreg.fi\/sv\/","og_locale":"sv_SE","og_type":"article","og_title":"Ownreg Oy - Ownreg vet vem som \u00e4r den verkliga \u00e4garen.","og_description":"V\u00e5r tj\u00e4nst \u00e4r ett register \u00f6ver \u00e4gare till serienumrerad utrustning, vilket s\u00e4kerst\u00e4ller att den r\u00e4tta \u00e4garen till utrustningen alltid \u00e4r k\u00e4nd.","og_url":"https:\/\/ownreg.fi\/sv\/","og_site_name":"Ownreg Oy","article_modified_time":"2024-06-25T09:07:49+00:00","og_image":[{"url":"https:\/\/ownreg.fi\/wp-content\/uploads\/2024\/05\/ownreg_hero-1024x564.jpg","type":"","width":"","height":""}],"twitter_card":"summary_large_image","twitter_title":"Ownreg Oy - Ownreg vet vem som \u00e4r den verkliga \u00e4garen.","twitter_description":"V\u00e5r tj\u00e4nst \u00e4r ett register \u00f6ver \u00e4gare till serienumrerad utrustning, vilket s\u00e4kerst\u00e4ller att den r\u00e4tta \u00e4garen till utrustningen alltid \u00e4r k\u00e4nd.","twitter_image":"https:\/\/ownreg.fi\/wp-content\/uploads\/2024\/05\/ownreg_hero-1024x564.jpg","twitter_misc":{"Ber\u00e4knad l\u00e4stid":"2 minuter"},"schema":{"@context":"https:\/\/schema.org","@graph":[{"@type":"WebPage","@id":"https:\/\/ownreg.fi\/sv\/","url":"https:\/\/ownreg.fi\/sv\/","name":"Ownreg Oy - Ownreg vet vem som \u00e4r den verkliga \u00e4garen.","isPartOf":{"@id":"https:\/\/ownreg.fi\/sv\/#website"},"primaryImageOfPage":{"@id":"https:\/\/ownreg.fi\/sv\/#primaryimage"},"image":{"@id":"https:\/\/ownreg.fi\/sv\/#primaryimage"},"thumbnailUrl":"https:\/\/ownreg.fi\/wp-content\/uploads\/2022\/02\/ownreg_favicon1.svg","datePublished":"2022-02-01T04:58:23+00:00","dateModified":"2024-06-25T09:07:49+00:00","description":"V\u00e5r tj\u00e4nst \u00e4r ett register \u00f6ver \u00e4gare till serienumrerad utrustning, vilket s\u00e4kerst\u00e4ller att den r\u00e4tta \u00e4garen till utrustningen alltid \u00e4r k\u00e4nd.","breadcrumb":{"@id":"https:\/\/ownreg.fi\/sv\/#breadcrumb"},"inLanguage":"sv-SE","potentialAction":[{"@type":"ReadAction","target":["https:\/\/ownreg.fi\/sv\/"]}]},{"@type":"ImageObject","inLanguage":"sv-SE","@id":"https:\/\/ownreg.fi\/sv\/#primaryimage","url":"https:\/\/ownreg.fi\/wp-content\/uploads\/2022\/02\/ownreg_favicon1.svg","contentUrl":"https:\/\/ownreg.fi\/wp-content\/uploads\/2022\/02\/ownreg_favicon1.svg","width":37.2,"height":37.2},{"@type":"BreadcrumbList","@id":"https:\/\/ownreg.fi\/sv\/#breadcrumb","itemListElement":[{"@type":"ListItem","position":1,"name":"Etusivu","item":"https:\/\/ownreg.fi\/sv\/"},{"@type":"ListItem","position":2,"name":"Hem"}]},{"@type":"WebSite","@id":"https:\/\/ownreg.fi\/sv\/#website","url":"https:\/\/ownreg.fi\/sv\/","name":"Ownreg Oy","description":"Ownreg tiet\u00e4\u00e4, kuka todellinen omistaja on.","publisher":{"@id":"https:\/\/ownreg.fi\/sv\/#organization"},"potentialAction":[{"@type":"SearchAction","target":{"@type":"EntryPoint","urlTemplate":"https:\/\/ownreg.fi\/sv\/?s={search_term_string}"},"query-input":{"@type":"PropertyValueSpecification","valueRequired":true,"valueName":"search_term_string"}}],"inLanguage":"sv-SE"},{"@type":"Organization","@id":"https:\/\/ownreg.fi\/sv\/#organization","name":"Ownreg","url":"https:\/\/ownreg.fi\/sv\/","logo":{"@type":"ImageObject","inLanguage":"sv-SE","@id":"https:\/\/ownreg.fi\/sv\/#\/schema\/logo\/image\/","url":"https:\/\/ownreg.fi\/wp-content\/uploads\/2022\/02\/ownreg_logo_blue.svg","contentUrl":"https:\/\/ownreg.fi\/wp-content\/uploads\/2022\/02\/ownreg_logo_blue.svg","width":294.837,"height":40.838,"caption":"Ownreg"},"image":{"@id":"https:\/\/ownreg.fi\/sv\/#\/schema\/logo\/image\/"}}]}},"_links":{"self":[{"href":"https:\/\/ownreg.fi\/sv\/wp-json\/wp\/v2\/pages\/634","targetHints":{"allow":["GET"]}}],"collection":[{"href":"https:\/\/ownreg.fi\/sv\/wp-json\/wp\/v2\/pages"}],"about":[{"href":"https:\/\/ownreg.fi\/sv\/wp-json\/wp\/v2\/types\/page"}],"author":[{"embeddable":true,"href":"https:\/\/ownreg.fi\/sv\/wp-json\/wp\/v2\/users\/1"}],"replies":[{"embeddable":true,"href":"https:\/\/ownreg.fi\/sv\/wp-json\/wp\/v2\/comments?post=634"}],"version-history":[{"count":4,"href":"https:\/\/ownreg.fi\/sv\/wp-json\/wp\/v2\/pages\/634\/revisions"}],"predecessor-version":[{"id":658,"href":"https:\/\/ownreg.fi\/sv\/wp-json\/wp\/v2\/pages\/634\/revisions\/658"}],"wp:featuredmedia":[{"embeddable":true,"href":"https:\/\/ownreg.fi\/sv\/wp-json\/wp\/v2\/media\/641"}],"wp:attachment":[{"href":"https:\/\/ownreg.fi\/sv\/wp-json\/wp\/v2\/media?parent=634"}],"curies":[{"name":"wp","href":"https:\/\/api.w.org\/{rel}","templated":true}]}}